{"id":19,"date":"2025-08-20T19:09:26","date_gmt":"2025-08-20T19:09:26","guid":{"rendered":"https:\/\/joseluis.proyectoscreatos.com\/?page_id=19"},"modified":"2025-09-08T19:14:56","modified_gmt":"2025-09-08T19:14:56","slug":"nosotros","status":"publish","type":"page","link":"https:\/\/geaasesoresperu.com\/index.php\/nosotros\/","title":{"rendered":"Nosotros"},"content":{"rendered":"\t\t<div data-elementor-type=\"wp-page\" data-elementor-id=\"19\" class=\"elementor elementor-19\" data-elementor-post-type=\"page\">\n\t\t\t\t<div class=\"elementor-element elementor-element-9ea75dc e-con-full e-flex e-con e-parent\" data-id=\"9ea75dc\" data-element_type=\"container\" data-settings=\"{&quot;background_background&quot;:&quot;classic&quot;}\">\n\t\t<div class=\"elementor-element elementor-element-a969d8f desenfoque_fondo e-flex e-con-boxed e-con e-child\" data-id=\"a969d8f\" data-element_type=\"container\" data-settings=\"{&quot;background_background&quot;:&quot;classic&quot;}\">\n\t\t\t\t\t<div class=\"e-con-inner\">\n\t\t\t\t\t<\/div>\n\t\t\t\t<\/div>\n\t\t\t\t<\/div>\n\t\t<div class=\"elementor-element elementor-element-7d03440 e-flex e-con-boxed e-con e-parent\" data-id=\"7d03440\" data-element_type=\"container\" data-settings=\"{&quot;background_background&quot;:&quot;classic&quot;}\">\n\t\t\t\t\t<div class=\"e-con-inner\">\n\t\t<div class=\"elementor-element elementor-element-432ff71 e-con-full desenfoque_fondo e-flex e-con e-child\" data-id=\"432ff71\" data-element_type=\"container\" data-settings=\"{&quot;background_background&quot;:&quot;classic&quot;}\">\n\t\t\t\t<div class=\"elementor-element elementor-element-2caa322 elementor-widget elementor-widget-image\" data-id=\"2caa322\" data-element_type=\"widget\" data-widget_type=\"image.default\">\n\t\t\t\t\t\t\t\t\t\t\t\t\t\t\t<img decoding=\"async\" width=\"170\" height=\"170\" src=\"https:\/\/geaasesoresperu.com\/wp-content\/uploads\/2025\/08\/favicon-1.png\" class=\"attachment-large size-large wp-image-121\" alt=\"\" srcset=\"https:\/\/geaasesoresperu.com\/wp-content\/uploads\/2025\/08\/favicon-1.png 170w, https:\/\/geaasesoresperu.com\/wp-content\/uploads\/2025\/08\/favicon-1-150x150.png 150w\" sizes=\"(max-width: 170px) 100vw, 170px\" \/>\t\t\t\t\t\t\t\t\t\t\t\t\t\t\t<\/div>\n\t\t\t\t<div class=\"elementor-element elementor-element-4031e65 elementor-widget elementor-widget-heading\" data-id=\"4031e65\" data-element_type=\"widget\" data-widget_type=\"heading.default\">\n\t\t\t\t\t<p class=\"elementor-heading-title elementor-size-default\">NOSOTROS<\/p>\t\t\t\t<\/div>\n\t\t\t\t<div class=\"elementor-element elementor-element-a5c25d9 elementor-widget elementor-widget-heading\" data-id=\"a5c25d9\" data-element_type=\"widget\" data-widget_type=\"heading.default\">\n\t\t\t\t\t<h2 class=\"elementor-heading-title elementor-size-default\">Gea asesores: M\u00e1s que abogados, somos su partner estrat\u00e9gico\n\n<\/h2>\t\t\t\t<\/div>\n\t\t\t\t<div class=\"elementor-element elementor-element-97a96ee elementor-widget elementor-widget-heading\" data-id=\"97a96ee\" data-element_type=\"widget\" data-widget_type=\"heading.default\">\n\t\t\t\t\t<h3 class=\"elementor-heading-title elementor-size-default\">En el coraz\u00f3n de toda gran empresa, hay cimientos legales s\u00f3lidos. Nosotros los construimos contigo.<\/h3>\t\t\t\t<\/div>\n\t\t\t\t<div class=\"elementor-element elementor-element-1575951 elementor-widget elementor-widget-text-editor\" data-id=\"1575951\" data-element_type=\"widget\" data-widget_type=\"text-editor.default\">\n\t\t\t\t\t\t\t\t\t<p>Somos un equipo de asesores dedicados a brindar soluciones legales y tributarias claras y pr\u00e1cticas. Entendemos los desaf\u00edos espec\u00edficos del mercado peruano y nos comprometemos a ofrecer una atenci\u00f3n personalizada que se convierte en una ventaja competitiva para su negocio. Nuestra misi\u00f3n es simplificar la legalidad para que usted pueda enfocarse en lo que m\u00e1s importa: hacer crecer su empresa.<\/p>\t\t\t\t\t\t\t\t<\/div>\n\t\t\t\t<\/div>\n\t\t<div class=\"elementor-element elementor-element-ae1b72a e-con-full e-flex e-con e-child\" data-id=\"ae1b72a\" data-element_type=\"container\" data-settings=\"{&quot;background_background&quot;:&quot;classic&quot;,&quot;background_motion_fx_motion_fx_scrolling&quot;:&quot;yes&quot;,&quot;background_motion_fx_translateY_effect&quot;:&quot;yes&quot;,&quot;background_motion_fx_translateY_speed&quot;:{&quot;unit&quot;:&quot;px&quot;,&quot;size&quot;:4,&quot;sizes&quot;:[]},&quot;background_motion_fx_translateY_affectedRange&quot;:{&quot;unit&quot;:&quot;%&quot;,&quot;size&quot;:&quot;&quot;,&quot;sizes&quot;:{&quot;start&quot;:0,&quot;end&quot;:100}},&quot;background_motion_fx_devices&quot;:[&quot;desktop&quot;,&quot;tablet&quot;,&quot;mobile&quot;]}\">\n\t\t\t\t<\/div>\n\t\t\t\t\t<\/div>\n\t\t\t\t<\/div>\n\t\t<div class=\"elementor-element elementor-element-b29a85c e-flex e-con-boxed e-con e-parent\" data-id=\"b29a85c\" data-element_type=\"container\" data-settings=\"{&quot;background_background&quot;:&quot;classic&quot;}\">\n\t\t\t\t\t<div class=\"e-con-inner\">\n\t\t<div class=\"elementor-element elementor-element-8c36042 e-con-full e-flex e-con e-child\" data-id=\"8c36042\" data-element_type=\"container\" data-settings=\"{&quot;background_background&quot;:&quot;classic&quot;,&quot;background_motion_fx_motion_fx_scrolling&quot;:&quot;yes&quot;,&quot;background_motion_fx_translateY_effect&quot;:&quot;yes&quot;,&quot;background_motion_fx_translateY_speed&quot;:{&quot;unit&quot;:&quot;px&quot;,&quot;size&quot;:8,&quot;sizes&quot;:[]},&quot;background_motion_fx_translateY_affectedRange&quot;:{&quot;unit&quot;:&quot;%&quot;,&quot;size&quot;:&quot;&quot;,&quot;sizes&quot;:{&quot;start&quot;:0,&quot;end&quot;:100}},&quot;background_motion_fx_devices&quot;:[&quot;desktop&quot;,&quot;tablet&quot;,&quot;mobile&quot;]}\">\n\t\t<div class=\"elementor-element elementor-element-7e8000b e-con-full e-grid e-con e-child\" data-id=\"7e8000b\" data-element_type=\"container\">\n\t\t<div class=\"elementor-element elementor-element-db13784 e-con-full desenfoque_fondo e-flex e-con e-child\" data-id=\"db13784\" data-element_type=\"container\" data-settings=\"{&quot;background_background&quot;:&quot;classic&quot;}\">\n\t\t\t\t<div class=\"elementor-element elementor-element-aa9c5c1 elementor-view-default elementor-widget elementor-widget-icon\" data-id=\"aa9c5c1\" data-element_type=\"widget\" data-widget_type=\"icon.default\">\n\t\t\t\t\t\t\t<div class=\"elementor-icon-wrapper\">\n\t\t\t<div class=\"elementor-icon\">\n\t\t\t<svg aria-hidden=\"true\" class=\"e-font-icon-svg e-far-paper-plane\" viewBox=\"0 0 512 512\" xmlns=\"http:\/\/www.w3.org\/2000\/svg\"><path d=\"M440 6.5L24 246.4c-34.4 19.9-31.1 70.8 5.7 85.9L144 379.6V464c0 46.4 59.2 65.5 86.6 28.6l43.8-59.1 111.9 46.2c5.9 2.4 12.1 3.6 18.3 3.6 8.2 0 16.3-2.1 23.6-6.2 12.8-7.2 21.6-20 23.9-34.5l59.4-387.2c6.1-40.1-36.9-68.8-71.5-48.9zM192 464v-64.6l36.6 15.1L192 464zm212.6-28.7l-153.8-63.5L391 169.5c10.7-15.5-9.5-33.5-23.7-21.2L155.8 332.6 48 288 464 48l-59.4 387.3z\"><\/path><\/svg>\t\t\t<\/div>\n\t\t<\/div>\n\t\t\t\t\t\t<\/div>\n\t\t\t\t<div class=\"elementor-element elementor-element-22eb1ca elementor-widget elementor-widget-heading\" data-id=\"22eb1ca\" data-element_type=\"widget\" data-widget_type=\"heading.default\">\n\t\t\t\t\t<h3 class=\"elementor-heading-title elementor-size-default\">Nuestra Misi\u00f3n<\/h3>\t\t\t\t<\/div>\n\t\t\t\t<div class=\"elementor-element elementor-element-79c1b3e elementor-widget elementor-widget-text-editor\" data-id=\"79c1b3e\" data-element_type=\"widget\" data-widget_type=\"text-editor.default\">\n\t\t\t\t\t\t\t\t\t<p class=\"ds-markdown-paragraph\">Nacimos de una simple pero poderosa convicci\u00f3n: las\u00a0<strong>micro y peque\u00f1as empresas peruanas<\/strong> son el motor de nuestra econom\u00eda, pero a menudo carecen de acceso a un asesoramiento legal claro, cercano y a medida. Gea Asesor\u00eda se fund\u00f3 para cerrar esa brecha.<\/p><p class=\"ds-markdown-paragraph\">Nuestra\u00a0<strong>misi\u00f3n<\/strong>\u00a0es ser el departamento legal externo de confianza para los emprendedores y peque\u00f1os negocios del Per\u00fa. Nos especializamos en transformar la complejidad de las normas laborales y tributarias peruanas en soluciones simples y pr\u00e1cticas, permiti\u00e9ndote operar con tranquilidad y enfocarte en lo que mejor haces: hacer crecer tu negocio.<\/p>\t\t\t\t\t\t\t\t<\/div>\n\t\t\t\t<\/div>\n\t\t<div class=\"elementor-element elementor-element-c0bb1ad e-con-full desenfoque_fondo e-flex e-con e-child\" data-id=\"c0bb1ad\" data-element_type=\"container\" data-settings=\"{&quot;background_background&quot;:&quot;classic&quot;}\">\n\t\t\t\t<div class=\"elementor-element elementor-element-3a54c87 elementor-view-default elementor-widget elementor-widget-icon\" data-id=\"3a54c87\" data-element_type=\"widget\" data-widget_type=\"icon.default\">\n\t\t\t\t\t\t\t<div class=\"elementor-icon-wrapper\">\n\t\t\t<div class=\"elementor-icon\">\n\t\t\t<svg aria-hidden=\"true\" class=\"e-font-icon-svg e-far-eye\" viewBox=\"0 0 576 512\" xmlns=\"http:\/\/www.w3.org\/2000\/svg\"><path d=\"M288 144a110.94 110.94 0 0 0-31.24 5 55.4 55.4 0 0 1 7.24 27 56 56 0 0 1-56 56 55.4 55.4 0 0 1-27-7.24A111.71 111.71 0 1 0 288 144zm284.52 97.4C518.29 135.59 410.93 64 288 64S57.68 135.64 3.48 241.41a32.35 32.35 0 0 0 0 29.19C57.71 376.41 165.07 448 288 448s230.32-71.64 284.52-177.41a32.35 32.35 0 0 0 0-29.19zM288 400c-98.65 0-189.09-55-237.93-144C98.91 167 189.34 112 288 112s189.09 55 237.93 144C477.1 345 386.66 400 288 400z\"><\/path><\/svg>\t\t\t<\/div>\n\t\t<\/div>\n\t\t\t\t\t\t<\/div>\n\t\t\t\t<div class=\"elementor-element elementor-element-5ef81d4 elementor-widget elementor-widget-heading\" data-id=\"5ef81d4\" data-element_type=\"widget\" data-widget_type=\"heading.default\">\n\t\t\t\t\t<h3 class=\"elementor-heading-title elementor-size-default\">Nuestra Visi\u00f3n<\/h3>\t\t\t\t<\/div>\n\t\t\t\t<div class=\"elementor-element elementor-element-e209ab0 elementor-widget elementor-widget-text-editor\" data-id=\"e209ab0\" data-element_type=\"widget\" data-widget_type=\"text-editor.default\">\n\t\t\t\t\t\t\t\t\t<p>Aspiramos a ser el\u00a0<strong>estudio de asesor\u00eda legal de referencia para las MYPES en Per\u00fa<\/strong>, reconocidos por nuestra excelencia, trato humano y por construir relaciones de largo plazo basadas en la confianza mutua y el \u00e9xito de nuestros clientes.<\/p>\t\t\t\t\t\t\t\t<\/div>\n\t\t\t\t<\/div>\n\t\t\t\t<\/div>\n\t\t\t\t<\/div>\n\t\t\t\t\t<\/div>\n\t\t\t\t<\/div>\n\t\t\t\t<\/div>\n\t\t","protected":false},"excerpt":{"rendered":"<p>NOSOTROS Gea asesores: M\u00e1s que abogados, somos su partner estrat\u00e9gico En el coraz\u00f3n de toda gran empresa, hay cimientos legales s\u00f3lidos. Nosotros los construimos contigo. Somos un equipo de asesores dedicados a brindar soluciones legales y tributarias claras y pr\u00e1cticas. Entendemos los desaf\u00edos espec\u00edficos del mercado peruano y nos comprometemos a ofrecer una atenci\u00f3n personalizada [&hellip;]<\/p>\n","protected":false},"author":1,"featured_media":0,"parent":0,"menu_order":0,"comment_status":"closed","ping_status":"closed","template":"elementor_header_footer","meta":{"_joinchat":[],"footnotes":""},"class_list":["post-19","page","type-page","status-publish","hentry"],"_links":{"self":[{"href":"https:\/\/geaasesoresperu.com\/index.php\/wp-json\/wp\/v2\/pages\/19","targetHints":{"allow":["GET"]}}],"collection":[{"href":"https:\/\/geaasesoresperu.com\/index.php\/wp-json\/wp\/v2\/pages"}],"about":[{"href":"https:\/\/geaasesoresperu.com\/index.php\/wp-json\/wp\/v2\/types\/page"}],"author":[{"embeddable":true,"href":"https:\/\/geaasesoresperu.com\/index.php\/wp-json\/wp\/v2\/users\/1"}],"replies":[{"embeddable":true,"href":"https:\/\/geaasesoresperu.com\/index.php\/wp-json\/wp\/v2\/comments?post=19"}],"version-history":[{"count":25,"href":"https:\/\/geaasesoresperu.com\/index.php\/wp-json\/wp\/v2\/pages\/19\/revisions"}],"predecessor-version":[{"id":270,"href":"https:\/\/geaasesoresperu.com\/index.php\/wp-json\/wp\/v2\/pages\/19\/revisions\/270"}],"wp:attachment":[{"href":"https:\/\/geaasesoresperu.com\/index.php\/wp-json\/wp\/v2\/media?parent=19"}],"curies":[{"name":"wp","href":"https:\/\/api.w.org\/{rel}","templated":true}]}}